{"id":2496,"date":"2024-07-29T07:36:29","date_gmt":"2024-07-29T07:36:29","guid":{"rendered":"https:\/\/petking.es\/blog\/"},"modified":"2024-09-19T13:59:58","modified_gmt":"2024-09-19T13:59:58","slug":"blog","status":"publish","type":"page","link":"https:\/\/petking.es\/de\/blog\/","title":{"rendered":"Blog"},"content":{"rendered":"\t\t<div data-elementor-type=\"wp-page\" data-elementor-id=\"2496\" class=\"elementor elementor-2496 elementor-1000\" data-elementor-post-type=\"page\">\n\t\t\t\t<div class=\"elementor-element elementor-element-0360d7a e-flex e-con-boxed e-con e-parent\" data-id=\"0360d7a\" data-element_type=\"container\" data-settings=\"{&quot;jet_parallax_layout_list&quot;:[]}\">\n\t\t\t\t\t<div class=\"e-con-inner\">\n\t\t\t\t<div class=\"elementor-element elementor-element-ede790e elementor-widget elementor-widget-heading\" data-id=\"ede790e\" data-element_type=\"widget\" data-widget_type=\"heading.default\">\n\t\t\t\t<div class=\"elementor-widget-container\">\n\t\t\t\t\t<h2 class=\"elementor-heading-title elementor-size-default\">Blog<\/h2>\t\t\t\t<\/div>\n\t\t\t\t<\/div>\n\t\t\t\t<div class=\"elementor-element elementor-element-c4584e1 elementor-widget elementor-widget-raven-posts\" data-id=\"c4584e1\" data-element_type=\"widget\" data-settings=\"{&quot;query_posts_per_page&quot;:30,&quot;classic_show_pagination&quot;:&quot;yes&quot;,&quot;classic_pagination_type&quot;:&quot;infinite_load&quot;,&quot;_skin&quot;:&quot;classic&quot;,&quot;classic_layout&quot;:&quot;grid&quot;,&quot;classic_columns&quot;:&quot;3&quot;,&quot;classic_columns_tablet&quot;:&quot;2&quot;,&quot;classic_columns_mobile&quot;:&quot;1&quot;,&quot;query_offset&quot;:0}\" data-widget_type=\"raven-posts.classic\">\n\t\t\t\t<div class=\"elementor-widget-container\">\n\t\t\t\t\t\t\t<div class=\"raven-posts raven-grid raven-grid-3 raven-grid-mobile-1 raven-grid-tablet-2\" data-post-id=\"2496\" data-archive-query=\"\" data-lang=\"\">\r\n\t\t\t\t<div class=\"raven-grid-item raven-post-item post-2638 post type-post status-publish format-standard has-post-thumbnail hentry category-petking-de\">\r\n\t\t\t<div class=\"raven-post\">\r\n\t\t\t\t\t\t<div class=\"raven-post-image-wrap\">\r\n\t\t\t<a class=\"raven-post-image raven-image-fit\" href=\"https:\/\/petking.es\/de\/petking-startet-in-die-neue-saison\/\"><img fetchpriority=\"high\" decoding=\"async\" width=\"1024\" height=\"752\" src=\"https:\/\/petking.es\/wp-content\/uploads\/2024\/07\/MARQUES-2-1024x752.jpg\" class=\"attachment-large size-large wp-image-2103\" alt=\"\" srcset=\"https:\/\/petking.es\/wp-content\/uploads\/2024\/07\/MARQUES-2-1024x752.jpg 1024w, https:\/\/petking.es\/wp-content\/uploads\/2024\/07\/MARQUES-2-300x220.jpg 300w, https:\/\/petking.es\/wp-content\/uploads\/2024\/07\/MARQUES-2-768x564.jpg 768w, https:\/\/petking.es\/wp-content\/uploads\/2024\/07\/MARQUES-2-1536x1128.jpg 1536w, https:\/\/petking.es\/wp-content\/uploads\/2024\/07\/MARQUES-2-2048x1504.jpg 2048w\" sizes=\"(max-width: 1024px) 100vw, 1024px\" \/> <span class=\"raven-post-image-overlay\"><\/span><\/a>\t\t<\/div>\r\n\t\t\t\t\t\t<div class=\"raven-post-content\">\r\n\t\t\t\t\t<h3 class=\"raven-post-title\"><a class=\"raven-post-title-link\" href=\"https:\/\/petking.es\/de\/petking-startet-in-die-neue-saison\/\">PETKING startet in die neue Saison<\/a><\/h3>\t\t<div class=\"raven-post-meta\"><span class=\"raven-post-meta-item raven-post-categories\"><a href=\"https:\/\/petking.es\/de\/category\/petking-de\/\" rel=\"tag\">Petking<\/a><\/span><\/div>\r\n\t\t<div class=\"raven-post-excerpt\">Petking, eine f\u00fchrende Marke f\u00fcr Heimtierprodukte, pr\u00e4sentiert jede Saison innovative Designs, wobei Qualit\u00e4t, Komfort und Funktionalit\u00e4t im Vordergrund stehen. Sie zeichnet sich durch ihren Kundenservice und ihre Personalisierungsm\u00f6glichkeiten aus.<\/div>\t\t\t\t<\/div>\r\n\t\t\t<\/div>\r\n\t\t<\/div>\r\n\t\t\t\t<\/div>\r\n\t\t<span class=\"raven-infinite-load\"><\/span>\t\t\t\t<\/div>\n\t\t\t\t<\/div>\n\t\t\t\t<div class=\"elementor-element elementor-element-584e222 elementor-widget elementor-widget-spacer\" data-id=\"584e222\" data-element_type=\"widget\" data-widget_type=\"spacer.default\">\n\t\t\t\t<div class=\"elementor-widget-container\">\n\t\t\t\t\t\t\t<div class=\"elementor-spacer\">\n\t\t\t<div class=\"elementor-spacer-inner\"><\/div>\n\t\t<\/div>\n\t\t\t\t\t\t<\/div>\n\t\t\t\t<\/div>\n\t\t\t\t\t<\/div>\n\t\t\t\t<\/div>\n\t\t\t\t<\/div>\n\t\t","protected":false},"excerpt":{"rendered":"<p>PETKING estrena nueva temporada. Petking Petking, marca l\u00edder en productos para mascotas, presenta dise\u00f1os innovadores cada temporada, priorizando calidad, confort y funcionalidad. Destaca por su servicio al cliente y personalizaci\u00f3n.<\/p>\n","protected":false},"author":1,"featured_media":0,"parent":0,"menu_order":0,"comment_status":"closed","ping_status":"closed","template":"elementor_header_footer","meta":{"_acf_changed":false,"footnotes":""},"class_list":["post-2496","page","type-page","status-publish","hentry"],"acf":[],"_links":{"self":[{"href":"https:\/\/petking.es\/de\/wp-json\/wp\/v2\/pages\/2496","targetHints":{"allow":["GET"]}}],"collection":[{"href":"https:\/\/petking.es\/de\/wp-json\/wp\/v2\/pages"}],"about":[{"href":"https:\/\/petking.es\/de\/wp-json\/wp\/v2\/types\/page"}],"author":[{"embeddable":true,"href":"https:\/\/petking.es\/de\/wp-json\/wp\/v2\/users\/1"}],"replies":[{"embeddable":true,"href":"https:\/\/petking.es\/de\/wp-json\/wp\/v2\/comments?post=2496"}],"version-history":[{"count":1,"href":"https:\/\/petking.es\/de\/wp-json\/wp\/v2\/pages\/2496\/revisions"}],"predecessor-version":[{"id":2499,"href":"https:\/\/petking.es\/de\/wp-json\/wp\/v2\/pages\/2496\/revisions\/2499"}],"wp:attachment":[{"href":"https:\/\/petking.es\/de\/wp-json\/wp\/v2\/media?parent=2496"}],"curies":[{"name":"wp","href":"https:\/\/api.w.org\/{rel}","templated":true}]}}