{"id":2504,"date":"2018-09-03T11:04:16","date_gmt":"2018-09-03T11:04:16","guid":{"rendered":"https:\/\/petking.es\/sobre-nosotros\/"},"modified":"2024-09-30T15:08:41","modified_gmt":"2024-09-30T15:08:41","slug":"ueber-uns","status":"publish","type":"page","link":"https:\/\/petking.es\/de\/ueber-uns\/","title":{"rendered":"\u00dcber uns"},"content":{"rendered":"\t\t<div data-elementor-type=\"wp-post\" data-elementor-id=\"2504\" class=\"elementor elementor-2504 elementor-34\" data-elementor-post-type=\"page\">\n\t\t\t\t<div class=\"elementor-element elementor-element-0e11984 e-flex e-con-boxed e-con e-parent\" data-id=\"0e11984\" data-element_type=\"container\" data-settings=\"{&quot;jet_parallax_layout_list&quot;:[]}\">\n\t\t\t\t\t<div class=\"e-con-inner\">\n\t\t\t\t<div class=\"elementor-element elementor-element-0f7ca4b elementor-widget elementor-widget-image\" data-id=\"0f7ca4b\" data-element_type=\"widget\" data-widget_type=\"image.default\">\n\t\t\t\t<div class=\"elementor-widget-container\">\n\t\t\t\t\t\t\t\t\t\t\t\t\t\t\t<img fetchpriority=\"high\" decoding=\"async\" width=\"1920\" height=\"1129\" src=\"https:\/\/petking.es\/wp-content\/uploads\/2024\/09\/quienes-somos-1-1.jpg\" class=\"attachment-full size-full wp-image-3089\" alt=\"\" srcset=\"https:\/\/petking.es\/wp-content\/uploads\/2024\/09\/quienes-somos-1-1.jpg 1920w, https:\/\/petking.es\/wp-content\/uploads\/2024\/09\/quienes-somos-1-1-300x176.jpg 300w, https:\/\/petking.es\/wp-content\/uploads\/2024\/09\/quienes-somos-1-1-1024x602.jpg 1024w, https:\/\/petking.es\/wp-content\/uploads\/2024\/09\/quienes-somos-1-1-768x452.jpg 768w, https:\/\/petking.es\/wp-content\/uploads\/2024\/09\/quienes-somos-1-1-1536x903.jpg 1536w\" sizes=\"(max-width: 1920px) 100vw, 1920px\" \/>\t\t\t\t\t\t\t\t\t\t\t\t\t\t\t<\/div>\n\t\t\t\t<\/div>\n\t\t\t\t\t<\/div>\n\t\t\t\t<\/div>\n\t\t\t\t<section class=\"elementor-section elementor-top-section elementor-element elementor-element-420ae6c elementor-section-boxed elementor-section-height-default elementor-section-height-default\" data-id=\"420ae6c\" data-element_type=\"section\" data-settings=\"{&quot;jet_parallax_layout_list&quot;:[{&quot;jet_parallax_layout_image&quot;:{&quot;url&quot;:&quot;&quot;,&quot;id&quot;:&quot;&quot;,&quot;size&quot;:&quot;&quot;},&quot;_id&quot;:&quot;2ed72b1&quot;,&quot;jet_parallax_layout_speed&quot;:{&quot;unit&quot;:&quot;%&quot;,&quot;size&quot;:&quot;50&quot;,&quot;sizes&quot;:[]},&quot;jet_parallax_layout_bg_x&quot;:&quot;50&quot;,&quot;jet_parallax_layout_bg_y&quot;:&quot;50&quot;,&quot;jet_parallax_layout_image_tablet&quot;:{&quot;url&quot;:&quot;&quot;,&quot;id&quot;:&quot;&quot;,&quot;size&quot;:&quot;&quot;},&quot;jet_parallax_layout_image_mobile&quot;:{&quot;url&quot;:&quot;&quot;,&quot;id&quot;:&quot;&quot;,&quot;size&quot;:&quot;&quot;},&quot;jet_parallax_layout_type&quot;:&quot;scroll&quot;,&quot;jet_parallax_layout_direction&quot;:null,&quot;jet_parallax_layout_fx_direction&quot;:null,&quot;jet_parallax_layout_z_index&quot;:&quot;&quot;,&quot;jet_parallax_layout_bg_x_tablet&quot;:&quot;&quot;,&quot;jet_parallax_layout_bg_x_mobile&quot;:&quot;&quot;,&quot;jet_parallax_layout_bg_y_tablet&quot;:&quot;&quot;,&quot;jet_parallax_layout_bg_y_mobile&quot;:&quot;&quot;,&quot;jet_parallax_layout_bg_size&quot;:&quot;auto&quot;,&quot;jet_parallax_layout_bg_size_tablet&quot;:&quot;&quot;,&quot;jet_parallax_layout_bg_size_mobile&quot;:&quot;&quot;,&quot;jet_parallax_layout_animation_prop&quot;:&quot;transform&quot;,&quot;jet_parallax_layout_on&quot;:[&quot;desktop&quot;,&quot;tablet&quot;]}]}\">\n\t\t\t\t\t\t<div class=\"elementor-container elementor-column-gap-default\">\n\t\t\t\t\t<div class=\"elementor-column elementor-col-100 elementor-top-column elementor-element elementor-element-6a4380f\" data-id=\"6a4380f\" data-element_type=\"column\">\n\t\t\t<div class=\"elementor-widget-wrap elementor-element-populated\">\n\t\t\t\t\t\t<div class=\"elementor-element elementor-element-968327c elementor-widget elementor-widget-heading\" data-id=\"968327c\" data-element_type=\"widget\" data-widget_type=\"heading.default\">\n\t\t\t\t<div class=\"elementor-widget-container\">\n\t\t\t\t\t<p class=\"elementor-heading-title elementor-size-default\">Innovation und Qualit\u00e4t in Heimtierprodukten seit 2016<\/p>\t\t\t\t<\/div>\n\t\t\t\t<\/div>\n\t\t\t\t<div class=\"elementor-element elementor-element-d2ec705 elementor-widget elementor-widget-text-editor\" data-id=\"d2ec705\" data-element_type=\"widget\" data-widget_type=\"text-editor.default\">\n\t\t\t\t<div class=\"elementor-widget-container\">\n\t\t\t\t\t\t\t\t\t<div class=\"flex-shrink-0 flex flex-col relative items-end\"><div><div class=\"pt-0\"><div class=\"gizmo-bot-avatar flex h-8 w-8 items-center justify-center overflow-hidden rounded-full\"><div class=\"relative p-1 rounded-sm flex items-center justify-center bg-token-main-surface-primary text-token-text-primary h-8 w-8\">\u00a0<\/div><\/div><\/div><\/div><\/div><div class=\"group\/conversation-turn relative flex w-full min-w-0 flex-col agent-turn\"><div class=\"flex-col gap-1 md:gap-3\"><div class=\"flex max-w-full flex-col flex-grow\"><div class=\"min-h-[20px] text-message flex w-full flex-col items-end gap-2 whitespace-normal break-words [.text-message+&amp;]:mt-5\" dir=\"auto\" data-message-author-role=\"assistant\" data-message-id=\"3b331f5d-b872-4d5f-ad50-7c1ab385cf66\"><div class=\"flex w-full flex-col gap-1 empty:hidden first:pt-[3px]\"><div class=\"markdown prose w-full break-words dark:prose-invert light\"><p><strong>Petking\u00ae<\/strong> wurde 2016 in Spanien gegr\u00fcndet. Das Unternehmen ist auf den Heimtiersektor spezialisiert und bietet eine breite Palette von Produkten, die in zwei Linien unterteilt sind: PETKING, die Textil- und Heimlinie f\u00fcr Haustiere, und NUNBELL, die Zubeh\u00f6rlinie, die Spazierg\u00e4nge &amp; Transport, Sicherheit, Pflege, Spielzeug und Futter f\u00fcr Haustiere umfasst.<\/p><p><strong>Nunbell\u00ae<\/strong> wird von unseren Partnern in China entwickelt und hergestellt, von denen wir die einzigen offiziellen Vertriebspartner in Europa sind.<\/p><p>Wir sorgen uns um das Wohlbefinden von Haustieren und ihren Familien und investieren deshalb unsere Anstrengungen in die Bereitstellung der bequemsten und hochwertigsten Produkte.<br \/>Wir setzen ein effizientes Gesch\u00e4ftsmanagement um, das alle Prozesse der Produktentwicklung, des Designs, der Produktion und des Verkaufs integriert. Wir sammeln und analysieren kontinuierlich Marktinformationen, um Ver\u00e4nderungen fr\u00fchzeitig zu erkennen und eine g\u00fcnstige Position in einem wettbewerbsorientierten Gesch\u00e4ftsumfeld zu halten.<\/p><p>Wir arbeiten unerm\u00fcdlich daran, hochwertige Produkte und Dienstleistungen anzubieten, das Vertrauen unserer Kunden zu erf\u00fcllen und uns an ihre sich st\u00e4ndig \u00e4ndernden Bed\u00fcrfnisse anzupassen.<\/p><\/div><\/div><\/div><\/div><\/div><\/div>\t\t\t\t\t\t\t\t<\/div>\n\t\t\t\t<\/div>\n\t\t\t\t\t<\/div>\n\t\t<\/div>\n\t\t\t\t\t<\/div>\n\t\t<\/section>\n\t\t\t\t<\/div>\n\t\t","protected":false},"excerpt":{"rendered":"<p>Innovation und Qualit\u00e4t in Heimtierprodukten seit 2016 \u00a0 Petking\u00ae wurde 2016 in Spanien gegr\u00fcndet. Das Unternehmen ist auf den Heimtiersektor spezialisiert und bietet eine breite Palette von Produkten, die in zwei Linien unterteilt sind: PETKING, die Textil- und Heimlinie f\u00fcr Haustiere, und NUNBELL, die Zubeh\u00f6rlinie, die Spazierg\u00e4nge &amp; Transport, Sicherheit, Pflege, Spielzeug und Futter f\u00fcr [&hellip;]<\/p>\n","protected":false},"author":1,"featured_media":0,"parent":0,"menu_order":0,"comment_status":"closed","ping_status":"closed","template":"elementor_header_footer","meta":{"_acf_changed":false,"footnotes":""},"class_list":["post-2504","page","type-page","status-publish","hentry"],"acf":[],"_links":{"self":[{"href":"https:\/\/petking.es\/de\/wp-json\/wp\/v2\/pages\/2504","targetHints":{"allow":["GET"]}}],"collection":[{"href":"https:\/\/petking.es\/de\/wp-json\/wp\/v2\/pages"}],"about":[{"href":"https:\/\/petking.es\/de\/wp-json\/wp\/v2\/types\/page"}],"author":[{"embeddable":true,"href":"https:\/\/petking.es\/de\/wp-json\/wp\/v2\/users\/1"}],"replies":[{"embeddable":true,"href":"https:\/\/petking.es\/de\/wp-json\/wp\/v2\/comments?post=2504"}],"version-history":[{"count":28,"href":"https:\/\/petking.es\/de\/wp-json\/wp\/v2\/pages\/2504\/revisions"}],"predecessor-version":[{"id":3333,"href":"https:\/\/petking.es\/de\/wp-json\/wp\/v2\/pages\/2504\/revisions\/3333"}],"wp:attachment":[{"href":"https:\/\/petking.es\/de\/wp-json\/wp\/v2\/media?parent=2504"}],"curies":[{"name":"wp","href":"https:\/\/api.w.org\/{rel}","templated":true}]}}