{"id":2522,"date":"2024-07-26T09:46:36","date_gmt":"2024-07-26T09:46:36","guid":{"rendered":"https:\/\/petking.es\/aviso-legal\/"},"modified":"2024-09-26T15:45:25","modified_gmt":"2024-09-26T15:45:25","slug":"mentions-legales","status":"publish","type":"page","link":"https:\/\/petking.es\/fr\/mentions-legales\/","title":{"rendered":"Mentions l\u00e9gales"},"content":{"rendered":"\t\t<div data-elementor-type=\"wp-page\" data-elementor-id=\"2522\" class=\"elementor elementor-2522 elementor-863\" data-elementor-post-type=\"page\">\n\t\t\t\t<div class=\"elementor-element elementor-element-e536dbc e-flex e-con-boxed e-con e-parent\" data-id=\"e536dbc\" data-element_type=\"container\" data-settings=\"{&quot;jet_parallax_layout_list&quot;:[]}\">\n\t\t\t\t\t<div class=\"e-con-inner\">\n\t\t\t\t<div class=\"elementor-element elementor-element-74b04f4 elementor-widget elementor-widget-image\" data-id=\"74b04f4\" data-element_type=\"widget\" data-widget_type=\"image.default\">\n\t\t\t\t<div class=\"elementor-widget-container\">\n\t\t\t\t\t\t\t\t\t\t\t\t\t\t\t<img fetchpriority=\"high\" decoding=\"async\" width=\"1920\" height=\"1080\" src=\"https:\/\/petking.es\/wp-content\/uploads\/2024\/09\/fondo-1-1.jpg\" class=\"attachment-full size-full wp-image-3286\" alt=\"\" srcset=\"https:\/\/petking.es\/wp-content\/uploads\/2024\/09\/fondo-1-1.jpg 1920w, https:\/\/petking.es\/wp-content\/uploads\/2024\/09\/fondo-1-1-300x169.jpg 300w, https:\/\/petking.es\/wp-content\/uploads\/2024\/09\/fondo-1-1-1024x576.jpg 1024w, https:\/\/petking.es\/wp-content\/uploads\/2024\/09\/fondo-1-1-768x432.jpg 768w, https:\/\/petking.es\/wp-content\/uploads\/2024\/09\/fondo-1-1-1536x864.jpg 1536w\" sizes=\"(max-width: 1920px) 100vw, 1920px\" \/>\t\t\t\t\t\t\t\t\t\t\t\t\t\t\t<\/div>\n\t\t\t\t<\/div>\n\t\t\t\t\t<\/div>\n\t\t\t\t<\/div>\n\t\t<div class=\"elementor-element elementor-element-0360d7a e-flex e-con-boxed e-con e-parent\" data-id=\"0360d7a\" data-element_type=\"container\" data-settings=\"{&quot;jet_parallax_layout_list&quot;:[]}\">\n\t\t\t\t\t<div class=\"e-con-inner\">\n\t\t\t\t<div class=\"elementor-element elementor-element-ede790e elementor-widget elementor-widget-heading\" data-id=\"ede790e\" data-element_type=\"widget\" data-widget_type=\"heading.default\">\n\t\t\t\t<div class=\"elementor-widget-container\">\n\t\t\t\t\t<h2 class=\"elementor-heading-title elementor-size-default\">Mentions l\u00e9gales<\/h2>\t\t\t\t<\/div>\n\t\t\t\t<\/div>\n\t\t\t\t<div class=\"elementor-element elementor-element-8701b18 elementor-widget elementor-widget-text-editor\" data-id=\"8701b18\" data-element_type=\"widget\" data-widget_type=\"text-editor.default\">\n\t\t\t\t<div class=\"elementor-widget-container\">\n\t\t\t\t\t\t\t\t\t<div class=\"elementor-element elementor-element-721d967 elementor-widget elementor-widget-text-editor\" data-id=\"721d967\" data-element_type=\"widget\" data-widget_type=\"text-editor.default\"><div class=\"elementor-widget-container\"><p>Conform\u00e9ment \u00e0 la loi 34\/2002 du 11 juillet, relative aux Services de la Soci\u00e9t\u00e9 de l\u2019Information et au Commerce \u00c9lectronique (LSSI-CE), <strong>Petking Land\u00a0S.L.<\/strong>\u00a0informe qu\u2019elle est propri\u00e9taire du site web:\u00a0<strong><a href=\"http:\/\/www.petking.es\/\" target=\"_blank\" rel=\"noopener\">www.petking.es<\/a><\/strong><b>.<\/b><\/p><p><strong>\u00a0<\/strong><\/p><p><strong>Informations sur le titulaire du site<\/strong><\/p><p>Identit\u00e9 : Petking Land S.L.<br \/>CIF : B87604559 <br \/>Adresse postale : Calle Libertad, 1<br \/>45350 Noblejas, Toledo<br \/>T\u00e9l\u00e9phone : (+34) 688 19 85 48<br \/>Adresse \u00e9lectronique : <a href=\"mailto:comercial@petking.es\" target=\"_blank\" rel=\"noopener\"><strong>comercial@petking.es<\/strong><\/a>.<\/p><p>\u00a0<\/p><p><strong>Propri\u00e9t\u00e9 intellectuelle et industrielle<\/strong><\/p><p>La conception du portail et ses codes sources, ainsi que les logos, marques et autres signes distinctifs qui y apparaissent appartiennent \u00e0 Petking Land S.L. et sont prot\u00e9g\u00e9s par les droits de propri\u00e9t\u00e9 intellectuelle et industrielle correspondants.<\/p><p>\u00a0<\/p><p><strong>Responsabilit\u00e9 des contenus<\/strong><\/p><p>Petking Land S.L. d\u00e9cline toute responsabilit\u00e9 concernant la l\u00e9galit\u00e9 d\u2019autres sites web tiers \u00e0 partir desquels on pourrait acc\u00e9der \u00e0 ce portail.<br \/>Elle ne r\u00e9pond pas non plus de la l\u00e9galit\u00e9 d\u2019autres sites web tiers pouvant \u00eatre li\u00e9s ou connect\u00e9s \u00e0 ce portail.<br \/>Petking Land S.L. ne sera pas responsable de l\u2019utilisation faite par des tiers des informations publi\u00e9es sur le portail, ni des dommages ou pertes \u00e9conomiques, directes ou indirectes, pouvant d\u00e9couler de l\u2019utilisation de ces informations.<\/p><p>\u00a0<\/p><p><strong>Reproduction des contenus<\/strong><\/p><p>Conform\u00e9ment \u00e0 la Loi sur la Propri\u00e9t\u00e9 Intellectuelle, la reproduction, distribution et communication publique, totale ou partielle, des contenus de ce site web \u00e0 des fins commerciales, sur tout support et par tout moyen technique, sans l\u2019autorisation de Petking Land S.L. sont express\u00e9ment interdites.<\/p><p>\u00a0<\/p><p><strong>Loi applicable<\/strong><\/p><p>Petking Land S.L. se r\u00e9serve le droit d\u2019intenter les actions civiles ou p\u00e9nales jug\u00e9es n\u00e9cessaires en cas d\u2019utilisation abusive du site web et de ses contenus, ou de non-respect des pr\u00e9sentes conditions.<br \/>La relation entre l\u2019utilisateur et Petking Land S.L. sera r\u00e9gie par la l\u00e9gislation en vigueur applicable sur le territoire national. En cas de conflit relatif \u00e0 l\u2019interpr\u00e9tation ou \u00e0 l\u2019application de ces conditions, les parties soumettront les litiges \u00e0 la juridiction ordinaire, se soumettant aux Juges et Tribunaux comp\u00e9tents conform\u00e9ment \u00e0 la loi.<br \/>Nous vous informons \u00e9galement qu\u2019un proc\u00e9d\u00e9 extrajudiciaire de r\u00e9solution des litiges, gratuit et accessible \u00e0 tous les citoyens, est disponible via la plateforme de r\u00e9solution des litiges en ligne de l\u2019Union Europ\u00e9enne, accessible via le lien suivant :\u00a0<strong><a href=\"https:\/\/ec.europa.eu\/consumers\/odr\/main\/?event=main.home2.show\" target=\"_new\" rel=\"noopener\">https:\/\/ec.europa.eu\/consumers\/odr\/main\/?event=main.home2.show<\/a><\/strong>.<\/p><p>\u00a0<\/p><p><strong>Cookies<\/strong><\/p><p>Si la technologie des \u00ab cookies \u00bb est utilis\u00e9e sur le site web, une section sp\u00e9cifique vous informe de leur existence ainsi que de leur politique d\u2019utilisation. Veuillez consulter la section \u00ab politique des cookies \u00bb.<br \/>Dans le cas contraire, aucun cookie de navigation n\u2019est utilis\u00e9.<\/p><p>\u00a0<\/p><p><strong>Donn\u00e9es personnelles des mineurs<\/strong><\/p><p>Ce site web ne s\u2019adresse pas aux utilisateurs mineurs. Si vous \u00eates mineur, veuillez ne pas essayer de vous inscrire en tant qu\u2019utilisateur. Si nous d\u00e9couvrons que, par erreur, nous avons obtenu des informations personnelles d\u2019un mineur, nous les supprimerons d\u00e8s que possible.<\/p><p>\u00a0<\/p><p><strong>Exercice des droits de protection des donn\u00e9es<\/strong><\/p><p>Conform\u00e9ment aux droits conf\u00e9r\u00e9s par la l\u00e9gislation en vigueur sur la protection des donn\u00e9es personnelles, l\u2019utilisateur peut exercer les droits d\u2019acc\u00e8s, de rectification, de limitation du traitement, de suppression, de portabilit\u00e9 et d\u2019opposition au traitement de ses donn\u00e9es en adressant sa demande \u00e0 l\u2019adresse postale indiqu\u00e9e ou \u00e0 l\u2019adresse \u00e9lectronique <a href=\"mailto:comercial@petking.es\" target=\"_blank\" rel=\"noopener\"><strong>comercial@petking.es<\/strong><\/a>.<br \/>Pour exercer ces droits, il sera n\u00e9cessaire de s\u2019identifier par la pr\u00e9sentation de sa carte d\u2019identit\u00e9.<br \/>Pour toute r\u00e9clamation, vous pouvez \u00e9galement vous adresser \u00e0 l\u2019adresse \u00e9lectronique indiqu\u00e9e ou \u00e0 l\u2019Agence Espagnole de Protection des Donn\u00e9es:\u00a0 <a href=\"http:\/\/www.aepd.es\/\" target=\"_new\" rel=\"noopener\"><strong>www.aepd.es<\/strong><\/a>.<\/p><p>\u00a0<\/p><\/div><\/div>\t\t\t\t\t\t\t\t<\/div>\n\t\t\t\t<\/div>\n\t\t\t\t\t<\/div>\n\t\t\t\t<\/div>\n\t\t\t\t<\/div>\n\t\t","protected":false},"excerpt":{"rendered":"<p>Conform\u00e9ment \u00e0 la loi 34\/2002 du 11 juillet, relative aux Services de la Soci\u00e9t\u00e9 de l\u2019Information et au Commerce \u00c9lectronique (LSSI-CE), Petking Land\u00a0S.L.\u00a0informe qu\u2019elle est propri\u00e9taire du site web:\u00a0www.petking.es. \u00a0 Informations sur le titulaire du site Identit\u00e9 : Petking Land S.L.CIF : B87604559 Adresse postale : Calle Libertad, 145350 Noblejas, ToledoT\u00e9l\u00e9phone : (+34) 688 19 [&hellip;]<\/p>\n","protected":false},"author":1,"featured_media":0,"parent":0,"menu_order":0,"comment_status":"closed","ping_status":"closed","template":"elementor_header_footer","meta":{"_acf_changed":false,"footnotes":""},"class_list":["post-2522","page","type-page","status-publish","hentry"],"acf":[],"_links":{"self":[{"href":"https:\/\/petking.es\/fr\/wp-json\/wp\/v2\/pages\/2522","targetHints":{"allow":["GET"]}}],"collection":[{"href":"https:\/\/petking.es\/fr\/wp-json\/wp\/v2\/pages"}],"about":[{"href":"https:\/\/petking.es\/fr\/wp-json\/wp\/v2\/types\/page"}],"author":[{"embeddable":true,"href":"https:\/\/petking.es\/fr\/wp-json\/wp\/v2\/users\/1"}],"replies":[{"embeddable":true,"href":"https:\/\/petking.es\/fr\/wp-json\/wp\/v2\/comments?post=2522"}],"version-history":[{"count":22,"href":"https:\/\/petking.es\/fr\/wp-json\/wp\/v2\/pages\/2522\/revisions"}],"predecessor-version":[{"id":3293,"href":"https:\/\/petking.es\/fr\/wp-json\/wp\/v2\/pages\/2522\/revisions\/3293"}],"wp:attachment":[{"href":"https:\/\/petking.es\/fr\/wp-json\/wp\/v2\/media?parent=2522"}],"curies":[{"name":"wp","href":"https:\/\/api.w.org\/{rel}","templated":true}]}}